{"id":304,"date":"2017-11-13T01:05:32","date_gmt":"2017-11-12T22:05:32","guid":{"rendered":"http:\/\/cirtbantlar.com\/en\/?page_id=304"},"modified":"2025-04-16T14:33:12","modified_gmt":"2025-04-16T11:33:12","slug":"contact","status":"publish","type":"page","link":"https:\/\/cirtbantlar.com\/en\/contact\/","title":{"rendered":"Contact"},"content":{"rendered":"<div id=\"map_canvas_9469\" class=\"googlemap \" style=\"height:480px;width:100%\"><input class=\"title\" type=\"hidden\" value=\"Toprak C\u0131rt Bant\" \/><input class=\"location\" type=\"hidden\" value=\"Terazidere Mah. Oba Sok. Toprak \u0130\u015f Han\u0131 No:38 Bayrampa\u015fa \/ \u0130stanbul\" \/><input class=\"zoom\" type=\"hidden\" value=\"15\" \/><div class=\"map_canvas\"><\/div><\/div>\n<h3>Factory Sale Office<\/h3>\n<p><strong>Adress:<\/strong> Terazidere Mah. Oba Sok. Toprak \u0130\u015f Han\u0131 No:38 Bayrampa\u015fa \/ \u0130stanbul<br \/>\n<strong>Phone:<\/strong> <a href=\"tel:02125012623\">0212 501 26 23<\/a><br \/>\n<strong>GSM:<\/strong> <a href=\"tel:0555 803 99 71\">0555 803 99 71<\/a><br \/>\n<strong>Fax:<\/strong> 0212 501 26 30<br \/>\n<strong>E-Mail:<\/strong> <a href=\"mailto:toprak@cirtbant.net\">toprak@cirtbant.net<\/a><\/p>\n","protected":false},"excerpt":{"rendered":"<p>Factory Sale Office Adress: Terazidere Mah. Oba Sok. Toprak \u0130\u015f Han\u0131 No:38 Bayrampa\u015fa \/ \u0130stanbul Phone: 0212 501 26 23 GSM: 0555 803 99 71 Fax: 0212 501 26 30 E-Mail: toprak@cirtbant.net<\/p>\n","protected":false},"author":1,"featured_media":0,"parent":0,"menu_order":0,"comment_status":"closed","ping_status":"closed","template":"templates\/template-fullwidth.php","meta":{"_joinchat":{"telephone":"+905064798766","message_text":"Hello \ud83d\udc4b\nMay I help you?"},"footnotes":""},"tags":[],"yoast_head":"<!-- This site is optimized with the Yoast SEO plugin v22.5 - https:\/\/yoast.com\/wordpress\/plugins\/seo\/ -->\n<title>Contact - C\u0131rt Bant - Toprak C\u0131rt Bant<\/title>\n<meta name=\"robots\" content=\"index, follow, max-snippet:-1, max-image-preview:large, max-video-preview:-1\" \/>\n<link rel=\"canonical\" href=\"https:\/\/cirtbantlar.com\/en\/contact\/\" \/>\n<meta property=\"og:locale\" content=\"en_US\" \/>\n<meta property=\"og:type\" content=\"article\" \/>\n<meta property=\"og:title\" content=\"Contact - C\u0131rt Bant - Toprak C\u0131rt Bant\" \/>\n<meta property=\"og:description\" content=\"Factory Sale Office Adress: Terazidere Mah. Oba Sok. Toprak \u0130\u015f Han\u0131 No:38 Bayrampa\u015fa \/ \u0130stanbul Phone: 0212 501 26 23 GSM: 0555 803 99 71 Fax: 0212 501 26 30 E-Mail: toprak@cirtbant.net\" \/>\n<meta property=\"og:url\" content=\"https:\/\/cirtbantlar.com\/en\/contact\/\" \/>\n<meta property=\"og:site_name\" content=\"C\u0131rt Bant - Toprak C\u0131rt Bant\" \/>\n<meta property=\"article:modified_time\" content=\"2025-04-16T11:33:12+00:00\" \/>\n<meta name=\"twitter:card\" content=\"summary_large_image\" \/>\n<meta name=\"twitter:label1\" content=\"Est. reading time\" \/>\n\t<meta name=\"twitter:data1\" content=\"1 minute\" \/>\n<script type=\"application\/ld+json\" class=\"yoast-schema-graph\">{\"@context\":\"https:\/\/schema.org\",\"@graph\":[{\"@type\":\"WebPage\",\"@id\":\"https:\/\/cirtbantlar.com\/en\/contact\/\",\"url\":\"https:\/\/cirtbantlar.com\/en\/contact\/\",\"name\":\"Contact - C\u0131rt Bant - Toprak C\u0131rt Bant\",\"isPartOf\":{\"@id\":\"https:\/\/cirtbantlar.com\/#website\"},\"datePublished\":\"2017-11-12T22:05:32+00:00\",\"dateModified\":\"2025-04-16T11:33:12+00:00\",\"breadcrumb\":{\"@id\":\"https:\/\/cirtbantlar.com\/en\/contact\/#breadcrumb\"},\"inLanguage\":\"en-US\",\"potentialAction\":[{\"@type\":\"ReadAction\",\"target\":[\"https:\/\/cirtbantlar.com\/en\/contact\/\"]}]},{\"@type\":\"BreadcrumbList\",\"@id\":\"https:\/\/cirtbantlar.com\/en\/contact\/#breadcrumb\",\"itemListElement\":[{\"@type\":\"ListItem\",\"position\":1,\"name\":\"Anasayfa\",\"item\":\"https:\/\/cirtbantlar.com\/en\/\"},{\"@type\":\"ListItem\",\"position\":2,\"name\":\"Contact\"}]},{\"@type\":\"WebSite\",\"@id\":\"https:\/\/cirtbantlar.com\/#website\",\"url\":\"https:\/\/cirtbantlar.com\/\",\"name\":\"C\u0131rt Bant - Toprak C\u0131rt Bant\",\"description\":\"C\u0131rt Bantta S\u0131n\u0131rs\u0131z Se\u00e7enek -Yenilik\u00e7i Ba\u011flant\u0131 Sistemleri\",\"potentialAction\":[{\"@type\":\"SearchAction\",\"target\":{\"@type\":\"EntryPoint\",\"urlTemplate\":\"https:\/\/cirtbantlar.com\/?s={search_term_string}\"},\"query-input\":\"required name=search_term_string\"}],\"inLanguage\":\"en-US\"}]}<\/script>\n<!-- \/ Yoast SEO plugin. -->","yoast_head_json":{"title":"Contact - C\u0131rt Bant - Toprak C\u0131rt Bant","robots":{"index":"index","follow":"follow","max-snippet":"max-snippet:-1","max-image-preview":"max-image-preview:large","max-video-preview":"max-video-preview:-1"},"canonical":"https:\/\/cirtbantlar.com\/en\/contact\/","og_locale":"en_US","og_type":"article","og_title":"Contact - C\u0131rt Bant - Toprak C\u0131rt Bant","og_description":"Factory Sale Office Adress: Terazidere Mah. Oba Sok. Toprak \u0130\u015f Han\u0131 No:38 Bayrampa\u015fa \/ \u0130stanbul Phone: 0212 501 26 23 GSM: 0555 803 99 71 Fax: 0212 501 26 30 E-Mail: toprak@cirtbant.net","og_url":"https:\/\/cirtbantlar.com\/en\/contact\/","og_site_name":"C\u0131rt Bant - Toprak C\u0131rt Bant","article_modified_time":"2025-04-16T11:33:12+00:00","twitter_card":"summary_large_image","twitter_misc":{"Est. reading time":"1 minute"},"schema":{"@context":"https:\/\/schema.org","@graph":[{"@type":"WebPage","@id":"https:\/\/cirtbantlar.com\/en\/contact\/","url":"https:\/\/cirtbantlar.com\/en\/contact\/","name":"Contact - C\u0131rt Bant - Toprak C\u0131rt Bant","isPartOf":{"@id":"https:\/\/cirtbantlar.com\/#website"},"datePublished":"2017-11-12T22:05:32+00:00","dateModified":"2025-04-16T11:33:12+00:00","breadcrumb":{"@id":"https:\/\/cirtbantlar.com\/en\/contact\/#breadcrumb"},"inLanguage":"en-US","potentialAction":[{"@type":"ReadAction","target":["https:\/\/cirtbantlar.com\/en\/contact\/"]}]},{"@type":"BreadcrumbList","@id":"https:\/\/cirtbantlar.com\/en\/contact\/#breadcrumb","itemListElement":[{"@type":"ListItem","position":1,"name":"Anasayfa","item":"https:\/\/cirtbantlar.com\/en\/"},{"@type":"ListItem","position":2,"name":"Contact"}]},{"@type":"WebSite","@id":"https:\/\/cirtbantlar.com\/#website","url":"https:\/\/cirtbantlar.com\/","name":"C\u0131rt Bant - Toprak C\u0131rt Bant","description":"C\u0131rt Bantta S\u0131n\u0131rs\u0131z Se\u00e7enek -Yenilik\u00e7i Ba\u011flant\u0131 Sistemleri","potentialAction":[{"@type":"SearchAction","target":{"@type":"EntryPoint","urlTemplate":"https:\/\/cirtbantlar.com\/?s={search_term_string}"},"query-input":"required name=search_term_string"}],"inLanguage":"en-US"}]}},"_links":{"self":[{"href":"https:\/\/cirtbantlar.com\/en\/wp-json\/wp\/v2\/pages\/304"}],"collection":[{"href":"https:\/\/cirtbantlar.com\/en\/wp-json\/wp\/v2\/pages"}],"about":[{"href":"https:\/\/cirtbantlar.com\/en\/wp-json\/wp\/v2\/types\/page"}],"author":[{"embeddable":true,"href":"https:\/\/cirtbantlar.com\/en\/wp-json\/wp\/v2\/users\/1"}],"replies":[{"embeddable":true,"href":"https:\/\/cirtbantlar.com\/en\/wp-json\/wp\/v2\/comments?post=304"}],"version-history":[{"count":11,"href":"https:\/\/cirtbantlar.com\/en\/wp-json\/wp\/v2\/pages\/304\/revisions"}],"predecessor-version":[{"id":707,"href":"https:\/\/cirtbantlar.com\/en\/wp-json\/wp\/v2\/pages\/304\/revisions\/707"}],"wp:attachment":[{"href":"https:\/\/cirtbantlar.com\/en\/wp-json\/wp\/v2\/media?parent=304"}],"wp:term":[{"taxonomy":"post_tag","embeddable":true,"href":"https:\/\/cirtbantlar.com\/en\/wp-json\/wp\/v2\/tags?post=304"}],"curies":[{"name":"wp","href":"https:\/\/api.w.org\/{rel}","templated":true}]}}