{"id":297,"date":"2017-11-13T00:28:14","date_gmt":"2017-11-12T21:28:14","guid":{"rendered":"http:\/\/cirtbantlar.com\/en\/?page_id=297"},"modified":"2025-03-11T12:56:11","modified_gmt":"2025-03-11T09:56:11","slug":"sticky-back-hook-loop-tapes","status":"publish","type":"page","link":"https:\/\/cirtbantlar.com\/en\/sticky-back-hook-loop-tapes\/","title":{"rendered":"Sticky Back  Hook &#038; Loop Tapes"},"content":{"rendered":"<p><img loading=\"lazy\" decoding=\"async\" class=\"alignright wp-image-120 size-medium\" src=\"http:\/\/cirtbantlar.com\/wp-content\/uploads\/2016\/07\/arkasi-yapiskanli-cirt-bant-1-450x300.jpg\" alt=\"Arkas\u0131 Yap\u0131\u015fkanl\u0131 C\u0131rt Bantlar\" width=\"450\" height=\"300\" srcset=\"https:\/\/cirtbantlar.com\/wp-content\/uploads\/2016\/07\/arkasi-yapiskanli-cirt-bant-1-450x300.jpg 450w, https:\/\/cirtbantlar.com\/wp-content\/uploads\/2016\/07\/arkasi-yapiskanli-cirt-bant-1-250x167.jpg 250w, https:\/\/cirtbantlar.com\/wp-content\/uploads\/2016\/07\/arkasi-yapiskanli-cirt-bant-1-1024x682.jpg 1024w, https:\/\/cirtbantlar.com\/wp-content\/uploads\/2016\/07\/arkasi-yapiskanli-cirt-bant-1.jpg 1280w\" sizes=\"(max-width: 450px) 100vw, 450px\" \/>Standard Hook &amp; Loop tapes are applied by sewing. But sticky back Hook &amp; Loop tapes are applied\u00a0 easily unlike standard Hook &amp; Loop tapes thanks to its adhesive back.<\/p>\n<p>It can be easily applied on all smooth surfaces such as stone, wood, metal, plastic and glass.<\/p>\n<p><strong><span style=\"text-decoration: underline;\"><a href=\"tel:02125012623\">For More Information : +90 212 501 26 23<\/a><\/span><\/strong><\/p>\n","protected":false},"excerpt":{"rendered":"<p>Standard Hook &amp; Loop tapes are applied by sewing. But sticky back Hook &amp; Loop tapes are applied\u00a0 easily unlike standard Hook &amp; Loop tapes thanks to its adhesive back. It can be easily applied on all smooth surfaces such as stone, wood, metal, plastic and glass. For More Information : +90 212 501 26 [&hellip;]<\/p>\n","protected":false},"author":1,"featured_media":0,"parent":0,"menu_order":0,"comment_status":"closed","ping_status":"closed","template":"templates\/template-fullwidth.php","meta":{"_joinchat":{"telephone":"+905064798766","message_text":"Hello \ud83d\udc4b\nMay I help you?"},"footnotes":""},"tags":[],"yoast_head":"<!-- This site is optimized with the Yoast SEO plugin v22.5 - https:\/\/yoast.com\/wordpress\/plugins\/seo\/ -->\n<title>Sticky Back Hook &amp; Loop Tapes - C\u0131rt Bant - Toprak C\u0131rt Bant<\/title>\n<meta name=\"robots\" content=\"index, follow, max-snippet:-1, max-image-preview:large, max-video-preview:-1\" \/>\n<link rel=\"canonical\" href=\"https:\/\/cirtbantlar.com\/en\/sticky-back-hook-loop-tapes\/\" \/>\n<meta property=\"og:locale\" content=\"en_US\" \/>\n<meta property=\"og:type\" content=\"article\" \/>\n<meta property=\"og:title\" content=\"Sticky Back Hook &amp; Loop Tapes - C\u0131rt Bant - Toprak C\u0131rt Bant\" \/>\n<meta property=\"og:description\" content=\"Standard Hook &amp; Loop tapes are applied by sewing. But sticky back Hook &amp; Loop tapes are applied\u00a0 easily unlike standard Hook &amp; Loop tapes thanks to its adhesive back. It can be easily applied on all smooth surfaces such as stone, wood, metal, plastic and glass. For More Information : +90 212 501 26 [&hellip;]\" \/>\n<meta property=\"og:url\" content=\"https:\/\/cirtbantlar.com\/en\/sticky-back-hook-loop-tapes\/\" \/>\n<meta property=\"og:site_name\" content=\"C\u0131rt Bant - Toprak C\u0131rt Bant\" \/>\n<meta property=\"article:modified_time\" content=\"2025-03-11T09:56:11+00:00\" \/>\n<meta property=\"og:image\" content=\"http:\/\/cirtbantlar.com\/wp-content\/uploads\/2016\/07\/arkasi-yapiskanli-cirt-bant-1-450x300.jpg\" \/>\n<meta name=\"twitter:card\" content=\"summary_large_image\" \/>\n<meta name=\"twitter:label1\" content=\"Est. reading time\" \/>\n\t<meta name=\"twitter:data1\" content=\"1 minute\" \/>\n<script type=\"application\/ld+json\" class=\"yoast-schema-graph\">{\"@context\":\"https:\/\/schema.org\",\"@graph\":[{\"@type\":\"WebPage\",\"@id\":\"https:\/\/cirtbantlar.com\/en\/sticky-back-hook-loop-tapes\/\",\"url\":\"https:\/\/cirtbantlar.com\/en\/sticky-back-hook-loop-tapes\/\",\"name\":\"Sticky Back Hook & Loop Tapes - C\u0131rt Bant - Toprak C\u0131rt Bant\",\"isPartOf\":{\"@id\":\"https:\/\/cirtbantlar.com\/#website\"},\"primaryImageOfPage\":{\"@id\":\"https:\/\/cirtbantlar.com\/en\/sticky-back-hook-loop-tapes\/#primaryimage\"},\"image\":{\"@id\":\"https:\/\/cirtbantlar.com\/en\/sticky-back-hook-loop-tapes\/#primaryimage\"},\"thumbnailUrl\":\"http:\/\/cirtbantlar.com\/wp-content\/uploads\/2016\/07\/arkasi-yapiskanli-cirt-bant-1-450x300.jpg\",\"datePublished\":\"2017-11-12T21:28:14+00:00\",\"dateModified\":\"2025-03-11T09:56:11+00:00\",\"breadcrumb\":{\"@id\":\"https:\/\/cirtbantlar.com\/en\/sticky-back-hook-loop-tapes\/#breadcrumb\"},\"inLanguage\":\"en-US\",\"potentialAction\":[{\"@type\":\"ReadAction\",\"target\":[\"https:\/\/cirtbantlar.com\/en\/sticky-back-hook-loop-tapes\/\"]}]},{\"@type\":\"ImageObject\",\"inLanguage\":\"en-US\",\"@id\":\"https:\/\/cirtbantlar.com\/en\/sticky-back-hook-loop-tapes\/#primaryimage\",\"url\":\"http:\/\/cirtbantlar.com\/wp-content\/uploads\/2016\/07\/arkasi-yapiskanli-cirt-bant-1-450x300.jpg\",\"contentUrl\":\"http:\/\/cirtbantlar.com\/wp-content\/uploads\/2016\/07\/arkasi-yapiskanli-cirt-bant-1-450x300.jpg\"},{\"@type\":\"BreadcrumbList\",\"@id\":\"https:\/\/cirtbantlar.com\/en\/sticky-back-hook-loop-tapes\/#breadcrumb\",\"itemListElement\":[{\"@type\":\"ListItem\",\"position\":1,\"name\":\"Anasayfa\",\"item\":\"https:\/\/cirtbantlar.com\/en\/\"},{\"@type\":\"ListItem\",\"position\":2,\"name\":\"Sticky Back Hook &#038; Loop Tapes\"}]},{\"@type\":\"WebSite\",\"@id\":\"https:\/\/cirtbantlar.com\/#website\",\"url\":\"https:\/\/cirtbantlar.com\/\",\"name\":\"C\u0131rt Bant - Toprak C\u0131rt Bant\",\"description\":\"C\u0131rt Bantta S\u0131n\u0131rs\u0131z Se\u00e7enek -Yenilik\u00e7i Ba\u011flant\u0131 Sistemleri\",\"potentialAction\":[{\"@type\":\"SearchAction\",\"target\":{\"@type\":\"EntryPoint\",\"urlTemplate\":\"https:\/\/cirtbantlar.com\/?s={search_term_string}\"},\"query-input\":\"required name=search_term_string\"}],\"inLanguage\":\"en-US\"}]}<\/script>\n<!-- \/ Yoast SEO plugin. -->","yoast_head_json":{"title":"Sticky Back Hook & Loop Tapes - C\u0131rt Bant - Toprak C\u0131rt Bant","robots":{"index":"index","follow":"follow","max-snippet":"max-snippet:-1","max-image-preview":"max-image-preview:large","max-video-preview":"max-video-preview:-1"},"canonical":"https:\/\/cirtbantlar.com\/en\/sticky-back-hook-loop-tapes\/","og_locale":"en_US","og_type":"article","og_title":"Sticky Back Hook & Loop Tapes - C\u0131rt Bant - Toprak C\u0131rt Bant","og_description":"Standard Hook &amp; Loop tapes are applied by sewing. But sticky back Hook &amp; Loop tapes are applied\u00a0 easily unlike standard Hook &amp; Loop tapes thanks to its adhesive back. It can be easily applied on all smooth surfaces such as stone, wood, metal, plastic and glass. For More Information : +90 212 501 26 [&hellip;]","og_url":"https:\/\/cirtbantlar.com\/en\/sticky-back-hook-loop-tapes\/","og_site_name":"C\u0131rt Bant - Toprak C\u0131rt Bant","article_modified_time":"2025-03-11T09:56:11+00:00","og_image":[{"url":"http:\/\/cirtbantlar.com\/wp-content\/uploads\/2016\/07\/arkasi-yapiskanli-cirt-bant-1-450x300.jpg"}],"twitter_card":"summary_large_image","twitter_misc":{"Est. reading time":"1 minute"},"schema":{"@context":"https:\/\/schema.org","@graph":[{"@type":"WebPage","@id":"https:\/\/cirtbantlar.com\/en\/sticky-back-hook-loop-tapes\/","url":"https:\/\/cirtbantlar.com\/en\/sticky-back-hook-loop-tapes\/","name":"Sticky Back Hook & Loop Tapes - C\u0131rt Bant - Toprak C\u0131rt Bant","isPartOf":{"@id":"https:\/\/cirtbantlar.com\/#website"},"primaryImageOfPage":{"@id":"https:\/\/cirtbantlar.com\/en\/sticky-back-hook-loop-tapes\/#primaryimage"},"image":{"@id":"https:\/\/cirtbantlar.com\/en\/sticky-back-hook-loop-tapes\/#primaryimage"},"thumbnailUrl":"http:\/\/cirtbantlar.com\/wp-content\/uploads\/2016\/07\/arkasi-yapiskanli-cirt-bant-1-450x300.jpg","datePublished":"2017-11-12T21:28:14+00:00","dateModified":"2025-03-11T09:56:11+00:00","breadcrumb":{"@id":"https:\/\/cirtbantlar.com\/en\/sticky-back-hook-loop-tapes\/#breadcrumb"},"inLanguage":"en-US","potentialAction":[{"@type":"ReadAction","target":["https:\/\/cirtbantlar.com\/en\/sticky-back-hook-loop-tapes\/"]}]},{"@type":"ImageObject","inLanguage":"en-US","@id":"https:\/\/cirtbantlar.com\/en\/sticky-back-hook-loop-tapes\/#primaryimage","url":"http:\/\/cirtbantlar.com\/wp-content\/uploads\/2016\/07\/arkasi-yapiskanli-cirt-bant-1-450x300.jpg","contentUrl":"http:\/\/cirtbantlar.com\/wp-content\/uploads\/2016\/07\/arkasi-yapiskanli-cirt-bant-1-450x300.jpg"},{"@type":"BreadcrumbList","@id":"https:\/\/cirtbantlar.com\/en\/sticky-back-hook-loop-tapes\/#breadcrumb","itemListElement":[{"@type":"ListItem","position":1,"name":"Anasayfa","item":"https:\/\/cirtbantlar.com\/en\/"},{"@type":"ListItem","position":2,"name":"Sticky Back Hook &#038; Loop Tapes"}]},{"@type":"WebSite","@id":"https:\/\/cirtbantlar.com\/#website","url":"https:\/\/cirtbantlar.com\/","name":"C\u0131rt Bant - Toprak C\u0131rt Bant","description":"C\u0131rt Bantta S\u0131n\u0131rs\u0131z Se\u00e7enek -Yenilik\u00e7i Ba\u011flant\u0131 Sistemleri","potentialAction":[{"@type":"SearchAction","target":{"@type":"EntryPoint","urlTemplate":"https:\/\/cirtbantlar.com\/?s={search_term_string}"},"query-input":"required name=search_term_string"}],"inLanguage":"en-US"}]}},"_links":{"self":[{"href":"https:\/\/cirtbantlar.com\/en\/wp-json\/wp\/v2\/pages\/297"}],"collection":[{"href":"https:\/\/cirtbantlar.com\/en\/wp-json\/wp\/v2\/pages"}],"about":[{"href":"https:\/\/cirtbantlar.com\/en\/wp-json\/wp\/v2\/types\/page"}],"author":[{"embeddable":true,"href":"https:\/\/cirtbantlar.com\/en\/wp-json\/wp\/v2\/users\/1"}],"replies":[{"embeddable":true,"href":"https:\/\/cirtbantlar.com\/en\/wp-json\/wp\/v2\/comments?post=297"}],"version-history":[{"count":2,"href":"https:\/\/cirtbantlar.com\/en\/wp-json\/wp\/v2\/pages\/297\/revisions"}],"predecessor-version":[{"id":600,"href":"https:\/\/cirtbantlar.com\/en\/wp-json\/wp\/v2\/pages\/297\/revisions\/600"}],"wp:attachment":[{"href":"https:\/\/cirtbantlar.com\/en\/wp-json\/wp\/v2\/media?parent=297"}],"wp:term":[{"taxonomy":"post_tag","embeddable":true,"href":"https:\/\/cirtbantlar.com\/en\/wp-json\/wp\/v2\/tags?post=297"}],"curies":[{"name":"wp","href":"https:\/\/api.w.org\/{rel}","templated":true}]}}