{"id":287,"date":"2017-11-12T23:30:31","date_gmt":"2017-11-12T20:30:31","guid":{"rendered":"http:\/\/cirtbantlar.com\/en\/?page_id=287"},"modified":"2025-03-11T12:56:48","modified_gmt":"2025-03-11T09:56:48","slug":"about-us","status":"publish","type":"page","link":"https:\/\/cirtbantlar.com\/en\/about-us\/","title":{"rendered":"About Us"},"content":{"rendered":"<p>&nbsp;<\/p>\n<p>We as Toprak C\u0131rt Bant providing hook and loop products for sandpaper, automotive, packaging, cleaning, screen door, curtain, health and textile industries. We also providing research &amp; development and quality test procedures if necessary. We also develop, produce and provide custom products such as special adhesive products, custom shape\u00a0cut Hook &amp; Loop tapes or desired strength sticky back Hook &amp; Loop. We provide quality assurance for all of our technical Hook &amp; Loop that we sell especially in industries such as sandpaper, automotive, packaging, cleaning, screen door and curtain, health, textile.1500mm width black, white, red, blue etc. coloured velour fabrics, mushroom head shaped, hook &amp; loop, sticky back, custom width and shape cut and custom coloured variations are available. We provide our customers technical assistance and research &amp; development projects when necessary. We can present our technical products in our sales office.<\/p>\n\r\n\t\t<style type='text\/css'>\r\n\t\t\t#gallery-1 {\r\n\t\t\t\tmargin: auto;\r\n\t\t\t}\r\n\t\t\t#gallery-1 .gallery-item {\r\n\t\t\t\tfloat: left;\r\n\t\t\t\tmargin-top: 10px;\r\n\t\t\t\ttext-align: center;\r\n\t\t\t\twidth: 33%;\r\n\t\t\t}\r\n\t\t\t#gallery-1 img {\r\n\t\t\t\tborder: 2px solid #cfcfcf;\r\n\t\t\t}\r\n\t\t\t#gallery-1 .gallery-caption {\r\n\t\t\t\tmargin-left: 0;\r\n\t\t\t}\r\n\t\t<\/style>\r\n\t\t<!-- see gallery_shortcode() in wp-includes\/media.php -->\n\t\t<div id='gallery-1' class='gallery galleryid-287 gallery-columns-3 gallery-size-medium gallery1'><script type=\"text\/javascript\">\r\n\/\/ <![CDATA[\r\n\tjQuery(document).ready(function () {\r\n\t\tjQuery(\".gallery1 a\").attr(\"rel\",\"gallery1\");\t\r\n\t\tjQuery('a[rel=\"gallery1\"]').colorbox({maxWidth:\"95%\", maxHeight:\"95%\",title: function(){ return jQuery(this).children().attr(\"alt\"); }, });\r\n\t});\r\n\/\/ ]]>\r\n<\/script>\n<dl class=\"gallery-item\">\n<dt class=\"gallery-icon\">\r\n<a href=\"https:\/\/cirtbantlar.com\/wp-content\/uploads\/2018\/04\/toprak-cirt-bant-fuar-gorseli-02.jpeg\" title=\"\" rel=\"gallery1\"><img loading=\"lazy\" decoding=\"async\" src=\"https:\/\/cirtbantlar.com\/wp-content\/uploads\/2018\/04\/toprak-cirt-bant-fuar-gorseli-02-338x450.jpeg\" width=\"338\" height=\"450\" alt=\"\" \/><\/a>\r\n<\/dt><\/dl><dl class=\"gallery-item\">\n<dt class=\"gallery-icon\">\r\n<a href=\"https:\/\/cirtbantlar.com\/wp-content\/uploads\/2018\/04\/toprak-cirt-bant-fuar-gorseli-01.jpeg\" title=\"\" rel=\"gallery1\"><img loading=\"lazy\" decoding=\"async\" src=\"https:\/\/cirtbantlar.com\/wp-content\/uploads\/2018\/04\/toprak-cirt-bant-fuar-gorseli-01-450x450.jpeg\" width=\"450\" height=\"450\" alt=\"\" \/><\/a>\r\n<\/dt><\/dl>\r\n\t\t\t<br style='clear: both' \/>\r\n\t\t<\/div>\n\n","protected":false},"excerpt":{"rendered":"<p>&nbsp; We as Toprak C\u0131rt Bant providing hook and loop products for sandpaper, automotive, packaging, cleaning, screen door, curtain, health and textile industries. We also providing research &amp; development and quality test procedures if necessary. We also develop, produce and provide custom products such as special adhesive products, custom shape\u00a0cut Hook &amp; Loop tapes or [&hellip;]<\/p>\n","protected":false},"author":1,"featured_media":0,"parent":0,"menu_order":0,"comment_status":"closed","ping_status":"closed","template":"templates\/template-fullwidth.php","meta":{"_joinchat":{"telephone":"+905064798766","message_text":"Hello \ud83d\udc4b\nMay I help you?"},"footnotes":""},"tags":[],"yoast_head":"<!-- This site is optimized with the Yoast SEO plugin v22.5 - https:\/\/yoast.com\/wordpress\/plugins\/seo\/ -->\n<title>About Us - C\u0131rt Bant - Toprak C\u0131rt Bant<\/title>\n<meta name=\"robots\" content=\"index, follow, max-snippet:-1, max-image-preview:large, max-video-preview:-1\" \/>\n<link rel=\"canonical\" href=\"https:\/\/cirtbantlar.com\/en\/about-us\/\" \/>\n<meta property=\"og:locale\" content=\"en_US\" \/>\n<meta property=\"og:type\" content=\"article\" \/>\n<meta property=\"og:title\" content=\"About Us - C\u0131rt Bant - Toprak C\u0131rt Bant\" \/>\n<meta property=\"og:description\" content=\"&nbsp; We as Toprak C\u0131rt Bant providing hook and loop products for sandpaper, automotive, packaging, cleaning, screen door, curtain, health and textile industries. We also providing research &amp; development and quality test procedures if necessary. We also develop, produce and provide custom products such as special adhesive products, custom shape\u00a0cut Hook &amp; Loop tapes or [&hellip;]\" \/>\n<meta property=\"og:url\" content=\"https:\/\/cirtbantlar.com\/en\/about-us\/\" \/>\n<meta property=\"og:site_name\" content=\"C\u0131rt Bant - Toprak C\u0131rt Bant\" \/>\n<meta property=\"article:modified_time\" content=\"2025-03-11T09:56:48+00:00\" \/>\n<meta property=\"og:image\" content=\"http:\/\/cirtbantlar.com\/wp-content\/uploads\/2018\/04\/toprak-cirt-bant-fuar-gorseli-02-338x450.jpeg\" \/>\n<meta name=\"twitter:card\" content=\"summary_large_image\" \/>\n<meta name=\"twitter:label1\" content=\"Est. reading time\" \/>\n\t<meta name=\"twitter:data1\" content=\"1 minute\" \/>\n<script type=\"application\/ld+json\" class=\"yoast-schema-graph\">{\"@context\":\"https:\/\/schema.org\",\"@graph\":[{\"@type\":\"WebPage\",\"@id\":\"https:\/\/cirtbantlar.com\/en\/about-us\/\",\"url\":\"https:\/\/cirtbantlar.com\/en\/about-us\/\",\"name\":\"About Us - C\u0131rt Bant - Toprak C\u0131rt Bant\",\"isPartOf\":{\"@id\":\"https:\/\/cirtbantlar.com\/#website\"},\"datePublished\":\"2017-11-12T20:30:31+00:00\",\"dateModified\":\"2025-03-11T09:56:48+00:00\",\"breadcrumb\":{\"@id\":\"https:\/\/cirtbantlar.com\/en\/about-us\/#breadcrumb\"},\"inLanguage\":\"en-US\",\"potentialAction\":[{\"@type\":\"ReadAction\",\"target\":[\"https:\/\/cirtbantlar.com\/en\/about-us\/\"]}]},{\"@type\":\"BreadcrumbList\",\"@id\":\"https:\/\/cirtbantlar.com\/en\/about-us\/#breadcrumb\",\"itemListElement\":[{\"@type\":\"ListItem\",\"position\":1,\"name\":\"Anasayfa\",\"item\":\"https:\/\/cirtbantlar.com\/en\/\"},{\"@type\":\"ListItem\",\"position\":2,\"name\":\"About Us\"}]},{\"@type\":\"WebSite\",\"@id\":\"https:\/\/cirtbantlar.com\/#website\",\"url\":\"https:\/\/cirtbantlar.com\/\",\"name\":\"C\u0131rt Bant - Toprak C\u0131rt Bant\",\"description\":\"C\u0131rt Bantta S\u0131n\u0131rs\u0131z Se\u00e7enek -Yenilik\u00e7i Ba\u011flant\u0131 Sistemleri\",\"potentialAction\":[{\"@type\":\"SearchAction\",\"target\":{\"@type\":\"EntryPoint\",\"urlTemplate\":\"https:\/\/cirtbantlar.com\/?s={search_term_string}\"},\"query-input\":\"required name=search_term_string\"}],\"inLanguage\":\"en-US\"}]}<\/script>\n<!-- \/ Yoast SEO plugin. -->","yoast_head_json":{"title":"About Us - C\u0131rt Bant - Toprak C\u0131rt Bant","robots":{"index":"index","follow":"follow","max-snippet":"max-snippet:-1","max-image-preview":"max-image-preview:large","max-video-preview":"max-video-preview:-1"},"canonical":"https:\/\/cirtbantlar.com\/en\/about-us\/","og_locale":"en_US","og_type":"article","og_title":"About Us - C\u0131rt Bant - Toprak C\u0131rt Bant","og_description":"&nbsp; We as Toprak C\u0131rt Bant providing hook and loop products for sandpaper, automotive, packaging, cleaning, screen door, curtain, health and textile industries. We also providing research &amp; development and quality test procedures if necessary. We also develop, produce and provide custom products such as special adhesive products, custom shape\u00a0cut Hook &amp; Loop tapes or [&hellip;]","og_url":"https:\/\/cirtbantlar.com\/en\/about-us\/","og_site_name":"C\u0131rt Bant - Toprak C\u0131rt Bant","article_modified_time":"2025-03-11T09:56:48+00:00","og_image":[{"url":"http:\/\/cirtbantlar.com\/wp-content\/uploads\/2018\/04\/toprak-cirt-bant-fuar-gorseli-02-338x450.jpeg"}],"twitter_card":"summary_large_image","twitter_misc":{"Est. reading time":"1 minute"},"schema":{"@context":"https:\/\/schema.org","@graph":[{"@type":"WebPage","@id":"https:\/\/cirtbantlar.com\/en\/about-us\/","url":"https:\/\/cirtbantlar.com\/en\/about-us\/","name":"About Us - C\u0131rt Bant - Toprak C\u0131rt Bant","isPartOf":{"@id":"https:\/\/cirtbantlar.com\/#website"},"datePublished":"2017-11-12T20:30:31+00:00","dateModified":"2025-03-11T09:56:48+00:00","breadcrumb":{"@id":"https:\/\/cirtbantlar.com\/en\/about-us\/#breadcrumb"},"inLanguage":"en-US","potentialAction":[{"@type":"ReadAction","target":["https:\/\/cirtbantlar.com\/en\/about-us\/"]}]},{"@type":"BreadcrumbList","@id":"https:\/\/cirtbantlar.com\/en\/about-us\/#breadcrumb","itemListElement":[{"@type":"ListItem","position":1,"name":"Anasayfa","item":"https:\/\/cirtbantlar.com\/en\/"},{"@type":"ListItem","position":2,"name":"About Us"}]},{"@type":"WebSite","@id":"https:\/\/cirtbantlar.com\/#website","url":"https:\/\/cirtbantlar.com\/","name":"C\u0131rt Bant - Toprak C\u0131rt Bant","description":"C\u0131rt Bantta S\u0131n\u0131rs\u0131z Se\u00e7enek -Yenilik\u00e7i Ba\u011flant\u0131 Sistemleri","potentialAction":[{"@type":"SearchAction","target":{"@type":"EntryPoint","urlTemplate":"https:\/\/cirtbantlar.com\/?s={search_term_string}"},"query-input":"required name=search_term_string"}],"inLanguage":"en-US"}]}},"_links":{"self":[{"href":"https:\/\/cirtbantlar.com\/en\/wp-json\/wp\/v2\/pages\/287"}],"collection":[{"href":"https:\/\/cirtbantlar.com\/en\/wp-json\/wp\/v2\/pages"}],"about":[{"href":"https:\/\/cirtbantlar.com\/en\/wp-json\/wp\/v2\/types\/page"}],"author":[{"embeddable":true,"href":"https:\/\/cirtbantlar.com\/en\/wp-json\/wp\/v2\/users\/1"}],"replies":[{"embeddable":true,"href":"https:\/\/cirtbantlar.com\/en\/wp-json\/wp\/v2\/comments?post=287"}],"version-history":[{"count":3,"href":"https:\/\/cirtbantlar.com\/en\/wp-json\/wp\/v2\/pages\/287\/revisions"}],"predecessor-version":[{"id":606,"href":"https:\/\/cirtbantlar.com\/en\/wp-json\/wp\/v2\/pages\/287\/revisions\/606"}],"wp:attachment":[{"href":"https:\/\/cirtbantlar.com\/en\/wp-json\/wp\/v2\/media?parent=287"}],"wp:term":[{"taxonomy":"post_tag","embeddable":true,"href":"https:\/\/cirtbantlar.com\/en\/wp-json\/wp\/v2\/tags?post=287"}],"curies":[{"name":"wp","href":"https:\/\/api.w.org\/{rel}","templated":true}]}}