{"id":274,"date":"2017-11-12T18:19:09","date_gmt":"2017-11-12T15:19:09","guid":{"rendered":"http:\/\/cirtbantlar.com\/?page_id=274&#038;lang=en"},"modified":"2025-03-11T12:56:52","modified_gmt":"2025-03-11T09:56:52","slug":"homepage","status":"publish","type":"page","link":"https:\/\/cirtbantlar.com\/en\/","title":{"rendered":"Homepage"},"content":{"rendered":"<p style=\"text-align: center;\"><div id=\"metaslider-id-332\" style=\"max-width: 1040px;\" class=\"ml-slider-3-70-2 metaslider metaslider-nivo metaslider-332 ml-slider ms-theme-default\" role=\"region\" aria-roledescription=\"Slideshow\" aria-label=\"New Slider\">\n    <div id=\"metaslider_container_332\">\n        <div class='slider-wrapper theme-default'><div class='ribbon'><\/div><div id='metaslider_332' class='nivoSlider'><img loading=\"lazy\" decoding=\"async\" src=\"https:\/\/cirtbantlar.com\/wp-content\/uploads\/2017\/11\/sld5.jpg\" height=\"400\" width=\"1040\" alt=\"\" class=\"slider-332 slide-342\" \/><img loading=\"lazy\" decoding=\"async\" src=\"https:\/\/cirtbantlar.com\/wp-content\/uploads\/2017\/11\/sld3.jpg\" height=\"400\" width=\"1040\" alt=\"\" class=\"slider-332 slide-341\" \/><img loading=\"lazy\" decoding=\"async\" src=\"https:\/\/cirtbantlar.com\/wp-content\/uploads\/2017\/11\/sld2.jpg\" height=\"400\" width=\"1040\" alt=\"\" class=\"slider-332 slide-340\" \/><img loading=\"lazy\" decoding=\"async\" src=\"https:\/\/cirtbantlar.com\/wp-content\/uploads\/2017\/11\/sld1.jpg\" height=\"400\" width=\"1040\" alt=\"\" class=\"slider-332 slide-339\" \/><\/div><\/div>\n        \n    <\/div>\n<\/div>\n<h1>Hook Loop Producer in Turkey<\/h1>\n<p style=\"text-align: justify;\">Our company Toprak C\u0131rt Bant is realising the production of standard hook &amp; loop tapes, mushroom head shaped hook &amp; loop tapes, interlocking mushroom shaped hook &amp; loop tapes, custom cut hook &amp; loops, plastic hook , elastic loop, buckled and non-buckled hook &amp; loop, adhesive\u00a0 hook &amp; loop, adhesive hook &amp; loop, custom design kiss cur hook &amp; loop, round shaped hook &amp; loop, cable tie hook &amp; loop tape in terms of world standards with innovative fastening systems motto.<\/p>\n<p style=\"text-align: justify;\">Hook &amp; loop tapes are a smart alternative for conventional fastening methods. They have the possibility of customising for different usage areas. Hook &amp; Loop offers smart solutions for daily use and industrial applications due its easy application and strong adhesion features.<\/p>\n<p>&nbsp;<\/p>\n<h2><img loading=\"lazy\" decoding=\"async\" class=\"alignright size-full wp-image-412\" src=\"http:\/\/cirtbantlar.com\/wp-content\/uploads\/2018\/03\/cirt-bant-cesitleri-yeni.jpg\" alt=\"\" width=\"800\" height=\"450\" srcset=\"https:\/\/cirtbantlar.com\/wp-content\/uploads\/2018\/03\/cirt-bant-cesitleri-yeni.jpg 800w, https:\/\/cirtbantlar.com\/wp-content\/uploads\/2018\/03\/cirt-bant-cesitleri-yeni-250x141.jpg 250w, https:\/\/cirtbantlar.com\/wp-content\/uploads\/2018\/03\/cirt-bant-cesitleri-yeni-450x253.jpg 450w\" sizes=\"(max-width: 800px) 100vw, 800px\" \/>Adhesive\u00a0 hook &amp; loop Tape<\/h2>\n<p>Adhesive hook &amp; loop tapes provides re-attachable feature to many objects and offers ease of use. They have high performance and used in fastening heavy objects.<\/p>\n<h2>Hook &amp; Loop Fabric<\/h2>\n<p>Hook &amp; loop phrases are used for hooking side tape and looping (soft) side tape. Hook &amp; Loop fabrics are produced by loop (soft) side of this set and used in many industries.<\/p>\n<h2>Mushroom Head Shaped hook &amp; loop<\/h2>\n<p>Mushroom head shape hook &amp; loop is designed to meet specific needs in industries. There are mushroom shaped protrusions instead of hooks in this type of hook &amp; loop tapes. This design is the reason behind why it is called as mushroom head hook &amp; loop tapes.<\/p>\n<h2>Round Shape hook &amp; loop<\/h2>\n<p>Round shaped hook &amp; loop tapes are cut for meeting special needs in industries, they called also coin shaped hook &amp; loop.<\/p>\n<h2>Custom Cut hook &amp; loop<\/h2>\n<p>There are many custom cut hook &amp; loop tape demands in developing industry due to reasons of design,usefullness, individuality and branding..<\/p>\n<p>If you are searching hook loop producer in turkey<\/p>\n","protected":false},"excerpt":{"rendered":"<p>Hook Loop Producer in Turkey Our company Toprak C\u0131rt Bant is realising the production of standard hook &amp; loop tapes, mushroom head shaped hook &amp; loop tapes, interlocking mushroom shaped hook &amp; loop tapes, custom cut hook &amp; loops, plastic hook , elastic loop, buckled and non-buckled hook &amp; loop, adhesive\u00a0 hook &amp; loop, adhesive [&hellip;]<\/p>\n","protected":false},"author":1,"featured_media":0,"parent":0,"menu_order":0,"comment_status":"closed","ping_status":"closed","template":"templates\/template-home.php","meta":{"_joinchat":{"telephone":"+905064798766","message_text":"Hello \ud83d\udc4b\nMay I help you?"},"footnotes":""},"tags":[84,85,86],"yoast_head":"<!-- This site is optimized with the Yoast SEO plugin v22.5 - https:\/\/yoast.com\/wordpress\/plugins\/seo\/ -->\n<title>Homepage - Toprak C\u0131rt Bant - Hook Loop Producer in Turkey<\/title>\n<meta name=\"description\" content=\"Toprak C\u0131rt Bant is a Turkey based company which is producing standard hook &amp;loop, adhesive back hook &amp; loop tapes, custom cut hook &amp;loop, plastic hook , elastic loop.\" \/>\n<meta name=\"robots\" content=\"index, follow, max-snippet:-1, max-image-preview:large, max-video-preview:-1\" \/>\n<link rel=\"canonical\" href=\"https:\/\/cirtbantlar.com\/en\/\" \/>\n<meta property=\"og:locale\" content=\"en_US\" \/>\n<meta property=\"og:type\" content=\"article\" \/>\n<meta property=\"og:title\" content=\"Homepage - Toprak C\u0131rt Bant - Hook Loop Producer in Turkey\" \/>\n<meta property=\"og:description\" content=\"Toprak C\u0131rt Bant is a Turkey based company which is producing standard hook &amp;loop, adhesive back hook &amp; loop tapes, custom cut hook &amp;loop, plastic hook , elastic loop.\" \/>\n<meta property=\"og:url\" content=\"https:\/\/cirtbantlar.com\/en\/\" \/>\n<meta property=\"og:site_name\" content=\"C\u0131rt Bant - Toprak C\u0131rt Bant\" \/>\n<meta property=\"article:modified_time\" content=\"2025-03-11T09:56:52+00:00\" \/>\n<meta property=\"og:image\" content=\"http:\/\/cirtbantlar.com\/wp-content\/uploads\/2018\/03\/cirt-bant-cesitleri-yeni.jpg\" \/>\n<meta name=\"twitter:card\" content=\"summary_large_image\" \/>\n<meta name=\"twitter:label1\" content=\"Est. reading time\" \/>\n\t<meta name=\"twitter:data1\" content=\"2 minutes\" \/>\n<script type=\"application\/ld+json\" class=\"yoast-schema-graph\">{\"@context\":\"https:\/\/schema.org\",\"@graph\":[{\"@type\":\"WebPage\",\"@id\":\"https:\/\/cirtbantlar.com\/en\/\",\"url\":\"https:\/\/cirtbantlar.com\/en\/\",\"name\":\"Homepage - Toprak C\u0131rt Bant - Hook Loop Producer in Turkey\",\"isPartOf\":{\"@id\":\"https:\/\/cirtbantlar.com\/#website\"},\"primaryImageOfPage\":{\"@id\":\"https:\/\/cirtbantlar.com\/en\/#primaryimage\"},\"image\":{\"@id\":\"https:\/\/cirtbantlar.com\/en\/#primaryimage\"},\"thumbnailUrl\":\"http:\/\/cirtbantlar.com\/wp-content\/uploads\/2018\/03\/cirt-bant-cesitleri-yeni.jpg\",\"datePublished\":\"2017-11-12T15:19:09+00:00\",\"dateModified\":\"2025-03-11T09:56:52+00:00\",\"description\":\"Toprak C\u0131rt Bant is a Turkey based company which is producing standard hook &loop, adhesive back hook & loop tapes, custom cut hook &loop, plastic hook , elastic loop.\",\"breadcrumb\":{\"@id\":\"https:\/\/cirtbantlar.com\/en\/#breadcrumb\"},\"inLanguage\":\"en-US\",\"potentialAction\":[{\"@type\":\"ReadAction\",\"target\":[\"https:\/\/cirtbantlar.com\/en\/\"]}]},{\"@type\":\"ImageObject\",\"inLanguage\":\"en-US\",\"@id\":\"https:\/\/cirtbantlar.com\/en\/#primaryimage\",\"url\":\"http:\/\/cirtbantlar.com\/wp-content\/uploads\/2018\/03\/cirt-bant-cesitleri-yeni.jpg\",\"contentUrl\":\"http:\/\/cirtbantlar.com\/wp-content\/uploads\/2018\/03\/cirt-bant-cesitleri-yeni.jpg\"},{\"@type\":\"BreadcrumbList\",\"@id\":\"https:\/\/cirtbantlar.com\/en\/#breadcrumb\",\"itemListElement\":[{\"@type\":\"ListItem\",\"position\":1,\"name\":\"Anasayfa\",\"item\":\"https:\/\/cirtbantlar.com\/en\/\"},{\"@type\":\"ListItem\",\"position\":2,\"name\":\"Homepage\"}]},{\"@type\":\"WebSite\",\"@id\":\"https:\/\/cirtbantlar.com\/#website\",\"url\":\"https:\/\/cirtbantlar.com\/\",\"name\":\"C\u0131rt Bant - Toprak C\u0131rt Bant\",\"description\":\"C\u0131rt Bantta S\u0131n\u0131rs\u0131z Se\u00e7enek -Yenilik\u00e7i Ba\u011flant\u0131 Sistemleri\",\"potentialAction\":[{\"@type\":\"SearchAction\",\"target\":{\"@type\":\"EntryPoint\",\"urlTemplate\":\"https:\/\/cirtbantlar.com\/?s={search_term_string}\"},\"query-input\":\"required name=search_term_string\"}],\"inLanguage\":\"en-US\"}]}<\/script>\n<!-- \/ Yoast SEO plugin. -->","yoast_head_json":{"title":"Homepage - Toprak C\u0131rt Bant - Hook Loop Producer in Turkey","description":"Toprak C\u0131rt Bant is a Turkey based company which is producing standard hook &loop, adhesive back hook & loop tapes, custom cut hook &loop, plastic hook , elastic loop.","robots":{"index":"index","follow":"follow","max-snippet":"max-snippet:-1","max-image-preview":"max-image-preview:large","max-video-preview":"max-video-preview:-1"},"canonical":"https:\/\/cirtbantlar.com\/en\/","og_locale":"en_US","og_type":"article","og_title":"Homepage - Toprak C\u0131rt Bant - Hook Loop Producer in Turkey","og_description":"Toprak C\u0131rt Bant is a Turkey based company which is producing standard hook &loop, adhesive back hook & loop tapes, custom cut hook &loop, plastic hook , elastic loop.","og_url":"https:\/\/cirtbantlar.com\/en\/","og_site_name":"C\u0131rt Bant - Toprak C\u0131rt Bant","article_modified_time":"2025-03-11T09:56:52+00:00","og_image":[{"url":"http:\/\/cirtbantlar.com\/wp-content\/uploads\/2018\/03\/cirt-bant-cesitleri-yeni.jpg"}],"twitter_card":"summary_large_image","twitter_misc":{"Est. reading time":"2 minutes"},"schema":{"@context":"https:\/\/schema.org","@graph":[{"@type":"WebPage","@id":"https:\/\/cirtbantlar.com\/en\/","url":"https:\/\/cirtbantlar.com\/en\/","name":"Homepage - Toprak C\u0131rt Bant - Hook Loop Producer in Turkey","isPartOf":{"@id":"https:\/\/cirtbantlar.com\/#website"},"primaryImageOfPage":{"@id":"https:\/\/cirtbantlar.com\/en\/#primaryimage"},"image":{"@id":"https:\/\/cirtbantlar.com\/en\/#primaryimage"},"thumbnailUrl":"http:\/\/cirtbantlar.com\/wp-content\/uploads\/2018\/03\/cirt-bant-cesitleri-yeni.jpg","datePublished":"2017-11-12T15:19:09+00:00","dateModified":"2025-03-11T09:56:52+00:00","description":"Toprak C\u0131rt Bant is a Turkey based company which is producing standard hook &loop, adhesive back hook & loop tapes, custom cut hook &loop, plastic hook , elastic loop.","breadcrumb":{"@id":"https:\/\/cirtbantlar.com\/en\/#breadcrumb"},"inLanguage":"en-US","potentialAction":[{"@type":"ReadAction","target":["https:\/\/cirtbantlar.com\/en\/"]}]},{"@type":"ImageObject","inLanguage":"en-US","@id":"https:\/\/cirtbantlar.com\/en\/#primaryimage","url":"http:\/\/cirtbantlar.com\/wp-content\/uploads\/2018\/03\/cirt-bant-cesitleri-yeni.jpg","contentUrl":"http:\/\/cirtbantlar.com\/wp-content\/uploads\/2018\/03\/cirt-bant-cesitleri-yeni.jpg"},{"@type":"BreadcrumbList","@id":"https:\/\/cirtbantlar.com\/en\/#breadcrumb","itemListElement":[{"@type":"ListItem","position":1,"name":"Anasayfa","item":"https:\/\/cirtbantlar.com\/en\/"},{"@type":"ListItem","position":2,"name":"Homepage"}]},{"@type":"WebSite","@id":"https:\/\/cirtbantlar.com\/#website","url":"https:\/\/cirtbantlar.com\/","name":"C\u0131rt Bant - Toprak C\u0131rt Bant","description":"C\u0131rt Bantta S\u0131n\u0131rs\u0131z Se\u00e7enek -Yenilik\u00e7i Ba\u011flant\u0131 Sistemleri","potentialAction":[{"@type":"SearchAction","target":{"@type":"EntryPoint","urlTemplate":"https:\/\/cirtbantlar.com\/?s={search_term_string}"},"query-input":"required name=search_term_string"}],"inLanguage":"en-US"}]}},"_links":{"self":[{"href":"https:\/\/cirtbantlar.com\/en\/wp-json\/wp\/v2\/pages\/274"}],"collection":[{"href":"https:\/\/cirtbantlar.com\/en\/wp-json\/wp\/v2\/pages"}],"about":[{"href":"https:\/\/cirtbantlar.com\/en\/wp-json\/wp\/v2\/types\/page"}],"author":[{"embeddable":true,"href":"https:\/\/cirtbantlar.com\/en\/wp-json\/wp\/v2\/users\/1"}],"replies":[{"embeddable":true,"href":"https:\/\/cirtbantlar.com\/en\/wp-json\/wp\/v2\/comments?post=274"}],"version-history":[{"count":15,"href":"https:\/\/cirtbantlar.com\/en\/wp-json\/wp\/v2\/pages\/274\/revisions"}],"predecessor-version":[{"id":622,"href":"https:\/\/cirtbantlar.com\/en\/wp-json\/wp\/v2\/pages\/274\/revisions\/622"}],"wp:attachment":[{"href":"https:\/\/cirtbantlar.com\/en\/wp-json\/wp\/v2\/media?parent=274"}],"wp:term":[{"taxonomy":"post_tag","embeddable":true,"href":"https:\/\/cirtbantlar.com\/en\/wp-json\/wp\/v2\/tags?post=274"}],"curies":[{"name":"wp","href":"https:\/\/api.w.org\/{rel}","templated":true}]}}